{"id":21610,"date":"2019-05-22T16:44:51","date_gmt":"2019-05-22T16:44:51","guid":{"rendered":"http:\/\/bifrost.local\/?page_id=21610"},"modified":"2024-10-11T14:38:08","modified_gmt":"2024-10-11T12:38:08","slug":"video-showcase","status":"publish","type":"page","link":"https:\/\/www.ploix-studio.fr\/?page_id=21610","title":{"rendered":"Video Showcase"},"content":{"rendered":"\t\t<div data-elementor-type=\"wp-post\" data-elementor-id=\"21610\" class=\"elementor elementor-21610\">\n\t\t\t\t<div class=\"elementor-element elementor-element-fee87d0 e-con-full e-flex neuron-fixed-no e-con e-parent\" data-id=\"fee87d0\" data-element_type=\"container\">\n\t\t\t\t<div class=\"elementor-element elementor-element-982625d elementor-widget__width-inherit elementor-widget elementor-widget-neuron-animate-heading\" data-id=\"982625d\" data-element_type=\"widget\" data-widget_type=\"neuron-animate-heading.default\">\n\t\t\t\t<div class=\"elementor-widget-container\">\n\t\t\t\t\t<h3 class=\"a-animated-heading mb-0\"><span class=\"a-animated-heading__inner\"><span><span class=\"wow\" data-wow-delay=\"0.2s\">films<\/span> <span class=\"wow\" data-wow-delay=\"0.2s\">\/<\/span><\/span> <span><span class=\"wow\" data-wow-delay=\"0.4s\"><\/span><\/span><\/span><\/h3>\t\t\t\t<\/div>\n\t\t\t\t<\/div>\n\t\t\t\t<\/div>\n\t\t<div class=\"elementor-element elementor-element-42c44ad e-flex e-con-boxed neuron-fixed-no e-con e-parent\" data-id=\"42c44ad\" data-element_type=\"container\">\n\t\t\t\t\t<div class=\"e-con-inner\">\n\t\t<div class=\"elementor-element elementor-element-adfdd10 e-flex e-con-boxed neuron-fixed-no e-con e-child\" data-id=\"adfdd10\" data-element_type=\"container\">\n\t\t\t\t\t<div class=\"e-con-inner\">\n\t\t\t\t<div class=\"elementor-element elementor-element-79ff084 elementor-widget__width-initial elementor-widget elementor-widget-video\" data-id=\"79ff084\" data-element_type=\"widget\" data-settings=\"{&quot;video_type&quot;:&quot;hosted&quot;,&quot;autoplay&quot;:&quot;yes&quot;,&quot;controls&quot;:&quot;yes&quot;}\" data-widget_type=\"video.default\">\n\t\t\t\t<div class=\"elementor-widget-container\">\n\t\t\t\t\t\t\t<div class=\"e-hosted-video elementor-wrapper elementor-open-inline\">\n\t\t\t\t\t<video class=\"elementor-video\" src=\"https:\/\/www.ploix-studio.fr\/wp-content\/uploads\/2023\/12\/PLOIX-STUDIO_Film_ZAC-Amphitheatre_Metz.1080.mp4\" autoplay=\"\" controls=\"\" controlsList=\"nodownload\" poster=\"https:\/\/www.ploix-studio.fr\/wp-content\/uploads\/2023\/12\/DBI-ARTECH-PLOIX-Metz-Amphitheatre_perspective.jpg\"><\/video>\n\t\t\t\t<\/div>\n\t\t\t\t\t\t<\/div>\n\t\t\t\t<\/div>\n\t\t<div class=\"elementor-element elementor-element-9f45abe e-con-full e-flex neuron-fixed-no e-con e-child\" data-id=\"9f45abe\" data-element_type=\"container\">\n\t\t\t\t<div class=\"elementor-element elementor-element-91ed07f elementor-widget elementor-widget-heading\" data-id=\"91ed07f\" data-element_type=\"widget\" data-widget_type=\"heading.default\">\n\t\t\t\t<div class=\"elementor-widget-container\">\n\t\t\t\t\t<h5 class=\"elementor-heading-title elementor-size-default\">Le Centralia - Maison de la M\u00e9tropole, Metz<\/h5>\t\t\t\t<\/div>\n\t\t\t\t<\/div>\n\t\t\t\t<div class=\"elementor-element elementor-element-964ee44 elementor-widget__width-initial elementor-widget elementor-widget-text-editor\" data-id=\"964ee44\" data-element_type=\"widget\" data-widget_type=\"text-editor.default\">\n\t\t\t\t<div class=\"elementor-widget-container\">\n\t\t\t\t\t\t\t\t\t<p>Film 3D r\u00e9alis\u00e9 pour la commercialisation de l&rsquo;immeuble de bureaux Le Centralia.<\/p><p>Architecte: John D&rsquo;Eathe, <strong>ARTECH CONCEPT<\/strong>\u00a0<\/p><p>Ma\u00eetre d&rsquo;ouvrage: <a href=\"https:\/\/demathieu-bard-immobilier.com\/\"><strong>Demathieu et Bard Immobilier<\/strong><\/a><\/p>\t\t\t\t\t\t\t\t<\/div>\n\t\t\t\t<\/div>\n\t\t\t\t<\/div>\n\t\t\t\t\t<\/div>\n\t\t\t\t<\/div>\n\t\t\t\t\t<\/div>\n\t\t\t\t<\/div>\n\t\t\t\t<\/div>\n\t\t","protected":false},"excerpt":{"rendered":"<p>films \/ https:\/\/www.ploix-studio.fr\/wp-content\/uploads\/2023\/12\/PLOIX-STUDIO_Film_ZAC-Amphitheatre_Metz.1080.mp4 Le Centralia &#8211; Maison de la M\u00e9tropole, Metz Film 3D r\u00e9alis\u00e9 pour la commercialisation de&#8230;<\/p>\n","protected":false},"author":1,"featured_media":0,"parent":0,"menu_order":19,"comment_status":"closed","ping_status":"closed","template":"","meta":{"_acf_changed":false,"_monsterinsights_skip_tracking":false,"_monsterinsights_sitenote_active":false,"_monsterinsights_sitenote_note":"","_monsterinsights_sitenote_category":0,"footnotes":""},"class_list":["post-21610","page","type-page","status-publish","hentry"],"acf":[],"yoast_head":"<!-- This site is optimized with the Yoast SEO plugin v24.5 - https:\/\/yoast.com\/wordpress\/plugins\/seo\/ -->\n<title>Video Showcase - ploix \/<\/title>\n<meta name=\"robots\" content=\"index, follow, max-snippet:-1, max-image-preview:large, max-video-preview:-1\" \/>\n<link rel=\"canonical\" href=\"https:\/\/www.ploix-studio.fr\/?page_id=21610\" \/>\n<meta property=\"og:locale\" content=\"fr_FR\" \/>\n<meta property=\"og:type\" content=\"article\" \/>\n<meta property=\"og:title\" content=\"Video Showcase - ploix \/\" \/>\n<meta property=\"og:description\" content=\"films \/ https:\/\/www.ploix-studio.fr\/wp-content\/uploads\/2023\/12\/PLOIX-STUDIO_Film_ZAC-Amphitheatre_Metz.1080.mp4 Le Centralia &#8211; Maison de la M\u00e9tropole, Metz Film 3D r\u00e9alis\u00e9 pour la commercialisation de...\" \/>\n<meta property=\"og:url\" content=\"https:\/\/www.ploix-studio.fr\/?page_id=21610\" \/>\n<meta property=\"og:site_name\" content=\"ploix \/\" \/>\n<meta property=\"article:modified_time\" content=\"2024-10-11T12:38:08+00:00\" \/>\n<meta name=\"twitter:card\" content=\"summary_large_image\" \/>\n<meta name=\"twitter:label1\" content=\"Dur\u00e9e de lecture estim\u00e9e\" \/>\n\t<meta name=\"twitter:data1\" content=\"1 minute\" \/>\n<script type=\"application\/ld+json\" class=\"yoast-schema-graph\">{\"@context\":\"https:\/\/schema.org\",\"@graph\":[{\"@type\":\"WebPage\",\"@id\":\"https:\/\/www.ploix-studio.fr\/?page_id=21610\",\"url\":\"https:\/\/www.ploix-studio.fr\/?page_id=21610\",\"name\":\"Video Showcase - ploix \/\",\"isPartOf\":{\"@id\":\"https:\/\/www.ploix-studio.fr\/#website\"},\"datePublished\":\"2019-05-22T16:44:51+00:00\",\"dateModified\":\"2024-10-11T12:38:08+00:00\",\"breadcrumb\":{\"@id\":\"https:\/\/www.ploix-studio.fr\/?page_id=21610#breadcrumb\"},\"inLanguage\":\"fr-FR\",\"potentialAction\":[{\"@type\":\"ReadAction\",\"target\":[\"https:\/\/www.ploix-studio.fr\/?page_id=21610\"]}]},{\"@type\":\"BreadcrumbList\",\"@id\":\"https:\/\/www.ploix-studio.fr\/?page_id=21610#breadcrumb\",\"itemListElement\":[{\"@type\":\"ListItem\",\"position\":1,\"name\":\"Accueil\",\"item\":\"https:\/\/www.ploix-studio.fr\/\"},{\"@type\":\"ListItem\",\"position\":2,\"name\":\"Video Showcase\"}]},{\"@type\":\"WebSite\",\"@id\":\"https:\/\/www.ploix-studio.fr\/#website\",\"url\":\"https:\/\/www.ploix-studio.fr\/\",\"name\":\"ploix \/\",\"description\":\"Images 3D pour l&#039;architecture\",\"publisher\":{\"@id\":\"https:\/\/www.ploix-studio.fr\/#organization\"},\"potentialAction\":[{\"@type\":\"SearchAction\",\"target\":{\"@type\":\"EntryPoint\",\"urlTemplate\":\"https:\/\/www.ploix-studio.fr\/?s={search_term_string}\"},\"query-input\":{\"@type\":\"PropertyValueSpecification\",\"valueRequired\":true,\"valueName\":\"search_term_string\"}}],\"inLanguage\":\"fr-FR\"},{\"@type\":\"Organization\",\"@id\":\"https:\/\/www.ploix-studio.fr\/#organization\",\"name\":\"ploix \/\",\"url\":\"https:\/\/www.ploix-studio.fr\/\",\"logo\":{\"@type\":\"ImageObject\",\"inLanguage\":\"fr-FR\",\"@id\":\"https:\/\/www.ploix-studio.fr\/#\/schema\/logo\/image\/\",\"url\":\"https:\/\/www.ploix-studio.fr\/wp-content\/uploads\/2023\/12\/logo_ploix_wh.jpg\",\"contentUrl\":\"https:\/\/www.ploix-studio.fr\/wp-content\/uploads\/2023\/12\/logo_ploix_wh.jpg\",\"width\":250,\"height\":250,\"caption\":\"ploix \/\"},\"image\":{\"@id\":\"https:\/\/www.ploix-studio.fr\/#\/schema\/logo\/image\/\"}}]}<\/script>\n<!-- \/ Yoast SEO plugin. -->","yoast_head_json":{"title":"Video Showcase - ploix \/","robots":{"index":"index","follow":"follow","max-snippet":"max-snippet:-1","max-image-preview":"max-image-preview:large","max-video-preview":"max-video-preview:-1"},"canonical":"https:\/\/www.ploix-studio.fr\/?page_id=21610","og_locale":"fr_FR","og_type":"article","og_title":"Video Showcase - ploix \/","og_description":"films \/ https:\/\/www.ploix-studio.fr\/wp-content\/uploads\/2023\/12\/PLOIX-STUDIO_Film_ZAC-Amphitheatre_Metz.1080.mp4 Le Centralia &#8211; Maison de la M\u00e9tropole, Metz Film 3D r\u00e9alis\u00e9 pour la commercialisation de...","og_url":"https:\/\/www.ploix-studio.fr\/?page_id=21610","og_site_name":"ploix \/","article_modified_time":"2024-10-11T12:38:08+00:00","twitter_card":"summary_large_image","twitter_misc":{"Dur\u00e9e de lecture estim\u00e9e":"1 minute"},"schema":{"@context":"https:\/\/schema.org","@graph":[{"@type":"WebPage","@id":"https:\/\/www.ploix-studio.fr\/?page_id=21610","url":"https:\/\/www.ploix-studio.fr\/?page_id=21610","name":"Video Showcase - ploix \/","isPartOf":{"@id":"https:\/\/www.ploix-studio.fr\/#website"},"datePublished":"2019-05-22T16:44:51+00:00","dateModified":"2024-10-11T12:38:08+00:00","breadcrumb":{"@id":"https:\/\/www.ploix-studio.fr\/?page_id=21610#breadcrumb"},"inLanguage":"fr-FR","potentialAction":[{"@type":"ReadAction","target":["https:\/\/www.ploix-studio.fr\/?page_id=21610"]}]},{"@type":"BreadcrumbList","@id":"https:\/\/www.ploix-studio.fr\/?page_id=21610#breadcrumb","itemListElement":[{"@type":"ListItem","position":1,"name":"Accueil","item":"https:\/\/www.ploix-studio.fr\/"},{"@type":"ListItem","position":2,"name":"Video Showcase"}]},{"@type":"WebSite","@id":"https:\/\/www.ploix-studio.fr\/#website","url":"https:\/\/www.ploix-studio.fr\/","name":"ploix \/","description":"Images 3D pour l&#039;architecture","publisher":{"@id":"https:\/\/www.ploix-studio.fr\/#organization"},"potentialAction":[{"@type":"SearchAction","target":{"@type":"EntryPoint","urlTemplate":"https:\/\/www.ploix-studio.fr\/?s={search_term_string}"},"query-input":{"@type":"PropertyValueSpecification","valueRequired":true,"valueName":"search_term_string"}}],"inLanguage":"fr-FR"},{"@type":"Organization","@id":"https:\/\/www.ploix-studio.fr\/#organization","name":"ploix \/","url":"https:\/\/www.ploix-studio.fr\/","logo":{"@type":"ImageObject","inLanguage":"fr-FR","@id":"https:\/\/www.ploix-studio.fr\/#\/schema\/logo\/image\/","url":"https:\/\/www.ploix-studio.fr\/wp-content\/uploads\/2023\/12\/logo_ploix_wh.jpg","contentUrl":"https:\/\/www.ploix-studio.fr\/wp-content\/uploads\/2023\/12\/logo_ploix_wh.jpg","width":250,"height":250,"caption":"ploix \/"},"image":{"@id":"https:\/\/www.ploix-studio.fr\/#\/schema\/logo\/image\/"}}]}},"_links":{"self":[{"href":"https:\/\/www.ploix-studio.fr\/index.php?rest_route=\/wp\/v2\/pages\/21610","targetHints":{"allow":["GET"]}}],"collection":[{"href":"https:\/\/www.ploix-studio.fr\/index.php?rest_route=\/wp\/v2\/pages"}],"about":[{"href":"https:\/\/www.ploix-studio.fr\/index.php?rest_route=\/wp\/v2\/types\/page"}],"author":[{"embeddable":true,"href":"https:\/\/www.ploix-studio.fr\/index.php?rest_route=\/wp\/v2\/users\/1"}],"replies":[{"embeddable":true,"href":"https:\/\/www.ploix-studio.fr\/index.php?rest_route=%2Fwp%2Fv2%2Fcomments&post=21610"}],"version-history":[{"count":37,"href":"https:\/\/www.ploix-studio.fr\/index.php?rest_route=\/wp\/v2\/pages\/21610\/revisions"}],"predecessor-version":[{"id":30648,"href":"https:\/\/www.ploix-studio.fr\/index.php?rest_route=\/wp\/v2\/pages\/21610\/revisions\/30648"}],"wp:attachment":[{"href":"https:\/\/www.ploix-studio.fr\/index.php?rest_route=%2Fwp%2Fv2%2Fmedia&parent=21610"}],"curies":[{"name":"wp","href":"https:\/\/api.w.org\/{rel}","templated":true}]}}