{"id":54,"date":"2023-12-18T11:45:26","date_gmt":"2023-12-18T10:45:26","guid":{"rendered":"http:\/\/bifrost.local\/?page_id=54"},"modified":"2024-10-11T12:20:52","modified_gmt":"2024-10-11T10:20:52","slug":"studio","status":"publish","type":"page","link":"https:\/\/www.ploix-studio.fr\/?page_id=54","title":{"rendered":"Studio"},"content":{"rendered":"\t\t<div data-elementor-type=\"wp-post\" data-elementor-id=\"54\" class=\"elementor elementor-54\">\n\t\t\t\t\t\t<section class=\"elementor-section elementor-top-section elementor-element elementor-element-199c785a elementor-section-full_width elementor-section-height-min-height elementor-section-items-stretch elementor-section-height-default neuron-fixed-no\" data-id=\"199c785a\" data-element_type=\"section\">\n\t\t\t\t\t\t<div class=\"elementor-container elementor-column-gap-no\">\n\t\t\t\t\t<div class=\"elementor-column elementor-col-50 elementor-top-column elementor-element elementor-element-7a62b720\" data-id=\"7a62b720\" data-element_type=\"column\" data-settings=\"{&quot;background_background&quot;:&quot;classic&quot;}\">\n\t\t\t<div class=\"elementor-widget-wrap elementor-element-populated\">\n\t\t\t\t\t\t<div class=\"elementor-element elementor-element-42ef1637 elementor-widget elementor-widget-spacer\" data-id=\"42ef1637\" data-element_type=\"widget\" data-widget_type=\"spacer.default\">\n\t\t\t\t<div class=\"elementor-widget-container\">\n\t\t\t\t\t\t\t<div class=\"elementor-spacer\">\n\t\t\t<div class=\"elementor-spacer-inner\"><\/div>\n\t\t<\/div>\n\t\t\t\t\t\t<\/div>\n\t\t\t\t<\/div>\n\t\t\t\t\t<\/div>\n\t\t<\/div>\n\t\t\t\t<div class=\"elementor-column elementor-col-50 elementor-top-column elementor-element elementor-element-1823bfb0\" data-id=\"1823bfb0\" data-element_type=\"column\">\n\t\t\t<div class=\"elementor-widget-wrap elementor-element-populated\">\n\t\t\t\t\t\t<section class=\"elementor-section elementor-inner-section elementor-element elementor-element-8df3a1c elementor-section-boxed elementor-section-height-default elementor-section-height-default neuron-fixed-no\" data-id=\"8df3a1c\" data-element_type=\"section\">\n\t\t\t\t\t\t<div class=\"elementor-container elementor-column-gap-default\">\n\t\t\t\t\t<div class=\"elementor-column elementor-col-100 elementor-inner-column elementor-element elementor-element-ae54496\" data-id=\"ae54496\" data-element_type=\"column\">\n\t\t\t<div class=\"elementor-widget-wrap elementor-element-populated\">\n\t\t\t\t\t\t<div class=\"elementor-element elementor-element-bbe98fb elementor-widget elementor-widget-heading\" data-id=\"bbe98fb\" data-element_type=\"widget\" data-widget_type=\"heading.default\">\n\t\t\t\t<div class=\"elementor-widget-container\">\n\t\t\t\t\t<h1 class=\"elementor-heading-title elementor-size-default\">Studio<\/h1>\t\t\t\t<\/div>\n\t\t\t\t<\/div>\n\t\t\t\t<div class=\"elementor-element elementor-element-1737cfe elementor-widget elementor-widget-text-editor\" data-id=\"1737cfe\" data-element_type=\"widget\" data-widget_type=\"text-editor.default\">\n\t\t\t\t<div class=\"elementor-widget-container\">\n\t\t\t\t\t\t\t\t\t<p>Notre studio est sp\u00e9cialis\u00e9 en cr\u00e9ation de visuels 3D haut-de-gamme depuis 2006.<\/p><p>Nous r\u00e9alisons des images photo-r\u00e9alistes mais aussi des animations et des applications interactives innovantes.<\/p>\t\t\t\t\t\t\t\t<\/div>\n\t\t\t\t<\/div>\n\t\t\t\t<div class=\"elementor-element elementor-element-703ccdb elementor-widget elementor-widget-heading\" data-id=\"703ccdb\" data-element_type=\"widget\" data-widget_type=\"heading.default\">\n\t\t\t\t<div class=\"elementor-widget-container\">\n\t\t\t\t\t<span class=\"elementor-heading-title elementor-size-default\">Prestations<\/span>\t\t\t\t<\/div>\n\t\t\t\t<\/div>\n\t\t\t\t<div class=\"elementor-element elementor-element-28099d1 elementor-widget__width-initial elementor-widget elementor-widget-text-editor\" data-id=\"28099d1\" data-element_type=\"widget\" data-widget_type=\"text-editor.default\">\n\t\t\t\t<div class=\"elementor-widget-container\">\n\t\t\t\t\t\t\t\t\t<p>&#8211; Images de concours<br \/>&#8211; Perspectives ext\u00e9rieures<br \/>&#8211; Perspectives int\u00e9rieures<br \/>&#8211; Films 3D<br \/>&#8211; Visites virtuelles<\/p>\t\t\t\t\t\t\t\t<\/div>\n\t\t\t\t<\/div>\n\t\t\t\t<div class=\"elementor-element elementor-element-4c37672 elementor-widget__width-auto elementor-widget elementor-widget-text-editor\" data-id=\"4c37672\" data-element_type=\"widget\" data-widget_type=\"text-editor.default\">\n\t\t\t\t<div class=\"elementor-widget-container\">\n\t\t\t\t\t\t\t\t\t<p>&#8211; Mod\u00e9lisations 3D<br \/>&#8211; Plans de vente 3D<br \/>&#8211; Maquettes interactives 3D<br \/>&#8211; Boutique virtuelle 3D \/ Virtual Stores<\/p>\t\t\t\t\t\t\t\t<\/div>\n\t\t\t\t<\/div>\n\t\t\t\t\t<\/div>\n\t\t<\/div>\n\t\t\t\t\t<\/div>\n\t\t<\/section>\n\t\t\t\t\t<\/div>\n\t\t<\/div>\n\t\t\t\t\t<\/div>\n\t\t<\/section>\n\t\t\t\t<\/div>\n\t\t","protected":false},"excerpt":{"rendered":"<p>Studio Notre studio est sp\u00e9cialis\u00e9 en cr\u00e9ation de visuels 3D haut-de-gamme depuis 2006. Nous r\u00e9alisons des images photo-r\u00e9alistes&#8230;<\/p>\n","protected":false},"author":1,"featured_media":0,"parent":0,"menu_order":117,"comment_status":"closed","ping_status":"closed","template":"","meta":{"_acf_changed":false,"_monsterinsights_skip_tracking":false,"_monsterinsights_sitenote_active":false,"_monsterinsights_sitenote_note":"","_monsterinsights_sitenote_category":0,"footnotes":""},"class_list":["post-54","page","type-page","status-publish","hentry"],"acf":[],"yoast_head":"<!-- This site is optimized with the Yoast SEO plugin v24.5 - https:\/\/yoast.com\/wordpress\/plugins\/seo\/ -->\n<title>Studio - ploix \/<\/title>\n<meta name=\"robots\" content=\"index, follow, max-snippet:-1, max-image-preview:large, max-video-preview:-1\" \/>\n<link rel=\"canonical\" href=\"https:\/\/www.ploix-studio.fr\/?page_id=54\" \/>\n<meta property=\"og:locale\" content=\"fr_FR\" \/>\n<meta property=\"og:type\" content=\"article\" \/>\n<meta property=\"og:title\" content=\"Studio - ploix \/\" \/>\n<meta property=\"og:description\" content=\"Studio Notre studio est sp\u00e9cialis\u00e9 en cr\u00e9ation de visuels 3D haut-de-gamme depuis 2006. Nous r\u00e9alisons des images photo-r\u00e9alistes...\" \/>\n<meta property=\"og:url\" content=\"https:\/\/www.ploix-studio.fr\/?page_id=54\" \/>\n<meta property=\"og:site_name\" content=\"ploix \/\" \/>\n<meta property=\"article:modified_time\" content=\"2024-10-11T10:20:52+00:00\" \/>\n<meta name=\"twitter:card\" content=\"summary_large_image\" \/>\n<meta name=\"twitter:label1\" content=\"Dur\u00e9e de lecture estim\u00e9e\" \/>\n\t<meta name=\"twitter:data1\" content=\"1 minute\" \/>\n<script type=\"application\/ld+json\" class=\"yoast-schema-graph\">{\"@context\":\"https:\/\/schema.org\",\"@graph\":[{\"@type\":\"WebPage\",\"@id\":\"https:\/\/www.ploix-studio.fr\/?page_id=54\",\"url\":\"https:\/\/www.ploix-studio.fr\/?page_id=54\",\"name\":\"Studio - ploix \/\",\"isPartOf\":{\"@id\":\"https:\/\/www.ploix-studio.fr\/#website\"},\"datePublished\":\"2023-12-18T10:45:26+00:00\",\"dateModified\":\"2024-10-11T10:20:52+00:00\",\"breadcrumb\":{\"@id\":\"https:\/\/www.ploix-studio.fr\/?page_id=54#breadcrumb\"},\"inLanguage\":\"fr-FR\",\"potentialAction\":[{\"@type\":\"ReadAction\",\"target\":[\"https:\/\/www.ploix-studio.fr\/?page_id=54\"]}]},{\"@type\":\"BreadcrumbList\",\"@id\":\"https:\/\/www.ploix-studio.fr\/?page_id=54#breadcrumb\",\"itemListElement\":[{\"@type\":\"ListItem\",\"position\":1,\"name\":\"Accueil\",\"item\":\"https:\/\/www.ploix-studio.fr\/\"},{\"@type\":\"ListItem\",\"position\":2,\"name\":\"Studio\"}]},{\"@type\":\"WebSite\",\"@id\":\"https:\/\/www.ploix-studio.fr\/#website\",\"url\":\"https:\/\/www.ploix-studio.fr\/\",\"name\":\"ploix \/\",\"description\":\"Images 3D pour l&#039;architecture\",\"publisher\":{\"@id\":\"https:\/\/www.ploix-studio.fr\/#organization\"},\"potentialAction\":[{\"@type\":\"SearchAction\",\"target\":{\"@type\":\"EntryPoint\",\"urlTemplate\":\"https:\/\/www.ploix-studio.fr\/?s={search_term_string}\"},\"query-input\":{\"@type\":\"PropertyValueSpecification\",\"valueRequired\":true,\"valueName\":\"search_term_string\"}}],\"inLanguage\":\"fr-FR\"},{\"@type\":\"Organization\",\"@id\":\"https:\/\/www.ploix-studio.fr\/#organization\",\"name\":\"ploix \/\",\"url\":\"https:\/\/www.ploix-studio.fr\/\",\"logo\":{\"@type\":\"ImageObject\",\"inLanguage\":\"fr-FR\",\"@id\":\"https:\/\/www.ploix-studio.fr\/#\/schema\/logo\/image\/\",\"url\":\"https:\/\/www.ploix-studio.fr\/wp-content\/uploads\/2023\/12\/logo_ploix_wh.jpg\",\"contentUrl\":\"https:\/\/www.ploix-studio.fr\/wp-content\/uploads\/2023\/12\/logo_ploix_wh.jpg\",\"width\":250,\"height\":250,\"caption\":\"ploix \/\"},\"image\":{\"@id\":\"https:\/\/www.ploix-studio.fr\/#\/schema\/logo\/image\/\"}}]}<\/script>\n<!-- \/ Yoast SEO plugin. -->","yoast_head_json":{"title":"Studio - ploix \/","robots":{"index":"index","follow":"follow","max-snippet":"max-snippet:-1","max-image-preview":"max-image-preview:large","max-video-preview":"max-video-preview:-1"},"canonical":"https:\/\/www.ploix-studio.fr\/?page_id=54","og_locale":"fr_FR","og_type":"article","og_title":"Studio - ploix \/","og_description":"Studio Notre studio est sp\u00e9cialis\u00e9 en cr\u00e9ation de visuels 3D haut-de-gamme depuis 2006. Nous r\u00e9alisons des images photo-r\u00e9alistes...","og_url":"https:\/\/www.ploix-studio.fr\/?page_id=54","og_site_name":"ploix \/","article_modified_time":"2024-10-11T10:20:52+00:00","twitter_card":"summary_large_image","twitter_misc":{"Dur\u00e9e de lecture estim\u00e9e":"1 minute"},"schema":{"@context":"https:\/\/schema.org","@graph":[{"@type":"WebPage","@id":"https:\/\/www.ploix-studio.fr\/?page_id=54","url":"https:\/\/www.ploix-studio.fr\/?page_id=54","name":"Studio - ploix \/","isPartOf":{"@id":"https:\/\/www.ploix-studio.fr\/#website"},"datePublished":"2023-12-18T10:45:26+00:00","dateModified":"2024-10-11T10:20:52+00:00","breadcrumb":{"@id":"https:\/\/www.ploix-studio.fr\/?page_id=54#breadcrumb"},"inLanguage":"fr-FR","potentialAction":[{"@type":"ReadAction","target":["https:\/\/www.ploix-studio.fr\/?page_id=54"]}]},{"@type":"BreadcrumbList","@id":"https:\/\/www.ploix-studio.fr\/?page_id=54#breadcrumb","itemListElement":[{"@type":"ListItem","position":1,"name":"Accueil","item":"https:\/\/www.ploix-studio.fr\/"},{"@type":"ListItem","position":2,"name":"Studio"}]},{"@type":"WebSite","@id":"https:\/\/www.ploix-studio.fr\/#website","url":"https:\/\/www.ploix-studio.fr\/","name":"ploix \/","description":"Images 3D pour l&#039;architecture","publisher":{"@id":"https:\/\/www.ploix-studio.fr\/#organization"},"potentialAction":[{"@type":"SearchAction","target":{"@type":"EntryPoint","urlTemplate":"https:\/\/www.ploix-studio.fr\/?s={search_term_string}"},"query-input":{"@type":"PropertyValueSpecification","valueRequired":true,"valueName":"search_term_string"}}],"inLanguage":"fr-FR"},{"@type":"Organization","@id":"https:\/\/www.ploix-studio.fr\/#organization","name":"ploix \/","url":"https:\/\/www.ploix-studio.fr\/","logo":{"@type":"ImageObject","inLanguage":"fr-FR","@id":"https:\/\/www.ploix-studio.fr\/#\/schema\/logo\/image\/","url":"https:\/\/www.ploix-studio.fr\/wp-content\/uploads\/2023\/12\/logo_ploix_wh.jpg","contentUrl":"https:\/\/www.ploix-studio.fr\/wp-content\/uploads\/2023\/12\/logo_ploix_wh.jpg","width":250,"height":250,"caption":"ploix \/"},"image":{"@id":"https:\/\/www.ploix-studio.fr\/#\/schema\/logo\/image\/"}}]}},"_links":{"self":[{"href":"https:\/\/www.ploix-studio.fr\/index.php?rest_route=\/wp\/v2\/pages\/54","targetHints":{"allow":["GET"]}}],"collection":[{"href":"https:\/\/www.ploix-studio.fr\/index.php?rest_route=\/wp\/v2\/pages"}],"about":[{"href":"https:\/\/www.ploix-studio.fr\/index.php?rest_route=\/wp\/v2\/types\/page"}],"author":[{"embeddable":true,"href":"https:\/\/www.ploix-studio.fr\/index.php?rest_route=\/wp\/v2\/users\/1"}],"replies":[{"embeddable":true,"href":"https:\/\/www.ploix-studio.fr\/index.php?rest_route=%2Fwp%2Fv2%2Fcomments&post=54"}],"version-history":[{"count":13,"href":"https:\/\/www.ploix-studio.fr\/index.php?rest_route=\/wp\/v2\/pages\/54\/revisions"}],"predecessor-version":[{"id":30618,"href":"https:\/\/www.ploix-studio.fr\/index.php?rest_route=\/wp\/v2\/pages\/54\/revisions\/30618"}],"wp:attachment":[{"href":"https:\/\/www.ploix-studio.fr\/index.php?rest_route=%2Fwp%2Fv2%2Fmedia&parent=54"}],"curies":[{"name":"wp","href":"https:\/\/api.w.org\/{rel}","templated":true}]}}